{"id":2444,"date":"2023-04-06T13:22:13","date_gmt":"2023-04-06T17:22:13","guid":{"rendered":"https:\/\/rnmv.ca\/research\/"},"modified":"2023-08-30T13:07:57","modified_gmt":"2023-08-30T17:07:57","slug":"research","status":"publish","type":"page","link":"https:\/\/rnmv.ca\/en\/research\/","title":{"rendered":"Research"},"content":{"rendered":"\n\n\t<span class='tooltipsall tooltip_post_id_custom_182fb9950efdb0c0e7f0a5c54498290e classtoolTipsCustomShortCodeOnlyForMultiTooltips'>Proper Shortcode Usage is: <div>[tooltips keyword='wordpress' content = 'hello, wp']<\/div> or <div>[tooltips content = 'hello, wp']wordpress[\/tooltips]<\/div><\/span><script type=\"text\/javascript\">jQuery(\"document\").ready(function(){ toolTips('.tooltip_post_id_custom_182fb9950efdb0c0e7f0a5c54498290e',\"Photo credit Mike Dembeck\",'0'); });<\/script>\n<h1>\n\t\tResearch on biodiversity\n\t<\/h1>\n\t<p>Scientific research is conducted at the Green Mountains Nature Reserve (GMNR). Since its opening in 2009, the GMNR site has been used to research eastern chipmunk and changes in forest ecosystems caused by climate change. Below is a summary of two ongoing research projects in the nature reserve.   <\/p>\n<h3>\n\t\tEastern chipmunk project\n\t<\/h3>\n\t<p><strong>Ongoing since<\/strong>: summer 2004<\/p>\n<p><strong>Research team<\/strong>: Denis R\u00e9ale (Universit\u00e9 du Qu\u00e9bec \u00e0 Montr\u00e9al), Fanie Pelletier and Dany Garant (Universit\u00e9 de Sherbrooke) and Murray Humphries (Universit\u00e9 McGill)<\/p>\n<p><strong>Objective<\/strong>: Understand the capacities of a population of eastern chipmunk to respond to certain changes in their environment, by comprehensive monitoring from birth to death.<\/p>\n<p><strong>Under study<\/strong>:<\/p>\n<ul>\n<li>variations of individual personalities within this population<\/li>\n<li>hormonal and genetic differences between individuals<\/li>\n<li>metabolic variations<\/li>\n<\/ul>\n<p><strong>Some discoveries<\/strong>: The population of chipmunks essentially depends on the fluctuation of mast (fruit) production of American beech.<\/p>\n\t\t\t\t<img loading=\"lazy\" decoding=\"async\" src=\"https:\/\/rnmv.ca\/wp-content\/uploads\/2023\/05\/tamia-raye-1.jpg\" alt=\"Tamia ray\u00e9\" itemprop=\"image\" height=\"377\" width=\"400\" title=\"Tamia ray\u00e9\" onerror=\"this.style.display='none'\"  \/>\n\t<span class='tooltipsall tooltip_post_id_custom_13bd7f839502aaf8198a09d31dafc7f9 classtoolTipsCustomShortCodeOnlyForMultiTooltips'>Proper Shortcode Usage is: <div>[tooltips keyword='wordpress' content = 'hello, wp']<\/div> or <div>[tooltips content = 'hello, wp']wordpress[\/tooltips]<\/div><\/span><script type=\"text\/javascript\">jQuery(\"document\").ready(function(){ toolTips('.tooltip_post_id_custom_13bd7f839502aaf8198a09d31dafc7f9',\"Photo credit Simon Bouffard\",'0'); });<\/script>\n<h3>\n\t\tProject on climate change impact on forests\n\t<\/h3>\n\t<p><strong>Ongoing since<\/strong>: 2009<\/p>\n<p><strong>Research team<\/strong>: Dominique Gravel (Universit\u00e9 de Sherbrooke) and Christian Messier (Centre d&#8217;\u00e9tude sur la for\u00eat, Universit\u00e9 du Qu\u00e9bec en Outaouais and Universit\u00e9 du Qu\u00e9bec \u00e0 Montr\u00e9al).<\/p>\n<p><strong>Objective<\/strong>: Monitor changes within forest ecosystems to better understand the effect of climate change on our forests.<\/p>\n<p><strong>Under study<\/strong>:<\/p>\n<ul>\n<li>Fluctuations in soil water content, soil temperature and humidity, seed production and insect collection at 25 environmental monitoring stations at altitudes<\/li>\n<\/ul>\n<p><strong>Some discoveries<\/strong>: <a href=\"https:\/\/www.ledevoir.com\/societe\/773786\/environnement-comment-accroitre-la-resilience-de-nos-forets\" target=\"_blank\" rel=\"noopener\">Forest resilience<\/a> (in French) Natural catastrophes and climate change can be mitigated by tree species that are adapted to future conditions and by tree species diversity.<\/p>\n\t\t\t\t<img loading=\"lazy\" decoding=\"async\" src=\"https:\/\/rnmv.ca\/wp-content\/uploads\/2023\/08\/climate-change-and-forests.png\" alt=\"climate-change-and-forests\" itemprop=\"image\" height=\"302\" width=\"320\" title=\"climate-change-and-forests\" onerror=\"this.style.display='none'\"  \/>\n\t<span class='tooltipsall tooltip_post_id_custom_1498c113cbe3e25b45ceac8ad91dca46 classtoolTipsCustomShortCodeOnlyForMultiTooltips'>Proper Shortcode Usage is: <div>[tooltips keyword='wordpress' content = 'hello, wp']<\/div> or <div>[tooltips content = 'hello, wp']wordpress[\/tooltips]<\/div><\/span><script type=\"text\/javascript\">jQuery(\"document\").ready(function(){ toolTips('.tooltip_post_id_custom_1498c113cbe3e25b45ceac8ad91dca46',\"Photo credit La Halte Studio\",'0'); });<\/script>\n\n","protected":false},"excerpt":{"rendered":"<p>Research on biodiversity Scientific research is conducted at the Green Mountains Nature Reserve (GMNR). Since its opening in 2009, the GMNR site has been used to research eastern chipmunk and changes in forest ecosystems caused by climate change. Below is a summary of two ongoing research projects in the nature reserve. Eastern chipmunk project Ongoing&hellip;<\/p>\n","protected":false},"author":1,"featured_media":0,"parent":0,"menu_order":20,"comment_status":"closed","ping_status":"closed","template":"","meta":{"footnotes":""},"class_list":["post-2444","page","type-page","status-publish","hentry"],"yoast_head":"<!-- This site is optimized with the Yoast SEO plugin v27.5 - https:\/\/yoast.com\/product\/yoast-seo-wordpress\/ -->\n<title>Research - Green Mountains Nature Reserve<\/title>\n<meta name=\"robots\" content=\"index, follow, max-snippet:-1, max-image-preview:large, max-video-preview:-1\" \/>\n<link rel=\"canonical\" href=\"https:\/\/rnmv.ca\/en\/research\/\" \/>\n<meta property=\"og:locale\" content=\"en_US\" \/>\n<meta property=\"og:type\" content=\"article\" \/>\n<meta property=\"og:title\" content=\"Research - Green Mountains Nature Reserve\" \/>\n<meta property=\"og:description\" content=\"Research on biodiversity Scientific research is conducted at the Green Mountains Nature Reserve (GMNR). Since its opening in 2009, the GMNR site has been used to research eastern chipmunk and changes in forest ecosystems caused by climate change. Below is a summary of two ongoing research projects in the nature reserve. Eastern chipmunk project Ongoing&hellip;\" \/>\n<meta property=\"og:url\" content=\"https:\/\/rnmv.ca\/en\/research\/\" \/>\n<meta property=\"og:site_name\" content=\"Green Mountains Nature Reserve\" \/>\n<meta property=\"article:publisher\" content=\"https:\/\/www.facebook.com\/natureconservancy.ca\/\" \/>\n<meta property=\"article:modified_time\" content=\"2023-08-30T17:07:57+00:00\" \/>\n<meta property=\"og:image\" content=\"https:\/\/rnmv.ca\/wp-content\/uploads\/2023\/05\/tamia-raye-1.jpg\" \/>\n<meta name=\"twitter:card\" content=\"summary_large_image\" \/>\n<meta name=\"twitter:label1\" content=\"Est. reading time\" \/>\n\t<meta name=\"twitter:data1\" content=\"1 minute\" \/>\n<script type=\"application\/ld+json\" class=\"yoast-schema-graph\">{\"@context\":\"https:\\\/\\\/schema.org\",\"@graph\":[{\"@type\":\"WebPage\",\"@id\":\"https:\\\/\\\/rnmv.ca\\\/en\\\/research\\\/\",\"url\":\"https:\\\/\\\/rnmv.ca\\\/en\\\/research\\\/\",\"name\":\"Research - Green Mountains Nature Reserve\",\"isPartOf\":{\"@id\":\"https:\\\/\\\/rnmv.ca\\\/en\\\/#website\"},\"primaryImageOfPage\":{\"@id\":\"https:\\\/\\\/rnmv.ca\\\/en\\\/research\\\/#primaryimage\"},\"image\":{\"@id\":\"https:\\\/\\\/rnmv.ca\\\/en\\\/research\\\/#primaryimage\"},\"thumbnailUrl\":\"https:\\\/\\\/rnmv.ca\\\/wp-content\\\/uploads\\\/2023\\\/05\\\/tamia-raye-1.jpg\",\"datePublished\":\"2023-04-06T17:22:13+00:00\",\"dateModified\":\"2023-08-30T17:07:57+00:00\",\"breadcrumb\":{\"@id\":\"https:\\\/\\\/rnmv.ca\\\/en\\\/research\\\/#breadcrumb\"},\"inLanguage\":\"en-US\",\"potentialAction\":[{\"@type\":\"ReadAction\",\"target\":[\"https:\\\/\\\/rnmv.ca\\\/en\\\/research\\\/\"]}]},{\"@type\":\"ImageObject\",\"inLanguage\":\"en-US\",\"@id\":\"https:\\\/\\\/rnmv.ca\\\/en\\\/research\\\/#primaryimage\",\"url\":\"https:\\\/\\\/rnmv.ca\\\/wp-content\\\/uploads\\\/2023\\\/05\\\/tamia-raye-1.jpg\",\"contentUrl\":\"https:\\\/\\\/rnmv.ca\\\/wp-content\\\/uploads\\\/2023\\\/05\\\/tamia-raye-1.jpg\"},{\"@type\":\"BreadcrumbList\",\"@id\":\"https:\\\/\\\/rnmv.ca\\\/en\\\/research\\\/#breadcrumb\",\"itemListElement\":[{\"@type\":\"ListItem\",\"position\":1,\"name\":\"Accueil\",\"item\":\"https:\\\/\\\/rnmv.ca\\\/en\\\/\"},{\"@type\":\"ListItem\",\"position\":2,\"name\":\"Research\"}]},{\"@type\":\"WebSite\",\"@id\":\"https:\\\/\\\/rnmv.ca\\\/en\\\/#website\",\"url\":\"https:\\\/\\\/rnmv.ca\\\/en\\\/\",\"name\":\"R\u00e9serve naturelle des Montagnes-Vertes\",\"description\":\"Treasured nature protected for future generations\",\"publisher\":{\"@id\":\"https:\\\/\\\/rnmv.ca\\\/en\\\/#organization\"},\"alternateName\":\"RNMV\",\"potentialAction\":[{\"@type\":\"SearchAction\",\"target\":{\"@type\":\"EntryPoint\",\"urlTemplate\":\"https:\\\/\\\/rnmv.ca\\\/en\\\/?s={search_term_string}\"},\"query-input\":{\"@type\":\"PropertyValueSpecification\",\"valueRequired\":true,\"valueName\":\"search_term_string\"}}],\"inLanguage\":\"en-US\"},{\"@type\":\"Organization\",\"@id\":\"https:\\\/\\\/rnmv.ca\\\/en\\\/#organization\",\"name\":\"R\u00e9serve naturelle des Montagnes-Vertes\",\"url\":\"https:\\\/\\\/rnmv.ca\\\/en\\\/\",\"logo\":{\"@type\":\"ImageObject\",\"inLanguage\":\"en-US\",\"@id\":\"https:\\\/\\\/rnmv.ca\\\/en\\\/#\\\/schema\\\/logo\\\/image\\\/\",\"url\":\"https:\\\/\\\/rnmv.ca\\\/wp-content\\\/uploads\\\/2022\\\/06\\\/Logo_RNMV_Court.svg\",\"contentUrl\":\"https:\\\/\\\/rnmv.ca\\\/wp-content\\\/uploads\\\/2022\\\/06\\\/Logo_RNMV_Court.svg\",\"width\":1,\"height\":1,\"caption\":\"R\u00e9serve naturelle des Montagnes-Vertes\"},\"image\":{\"@id\":\"https:\\\/\\\/rnmv.ca\\\/en\\\/#\\\/schema\\\/logo\\\/image\\\/\"},\"sameAs\":[\"https:\\\/\\\/www.facebook.com\\\/natureconservancy.ca\\\/\"]}]}<\/script>\n<!-- \/ Yoast SEO plugin. -->","yoast_head_json":{"title":"Research - Green Mountains Nature Reserve","robots":{"index":"index","follow":"follow","max-snippet":"max-snippet:-1","max-image-preview":"max-image-preview:large","max-video-preview":"max-video-preview:-1"},"canonical":"https:\/\/rnmv.ca\/en\/research\/","og_locale":"en_US","og_type":"article","og_title":"Research - Green Mountains Nature Reserve","og_description":"Research on biodiversity Scientific research is conducted at the Green Mountains Nature Reserve (GMNR). Since its opening in 2009, the GMNR site has been used to research eastern chipmunk and changes in forest ecosystems caused by climate change. Below is a summary of two ongoing research projects in the nature reserve. Eastern chipmunk project Ongoing&hellip;","og_url":"https:\/\/rnmv.ca\/en\/research\/","og_site_name":"Green Mountains Nature Reserve","article_publisher":"https:\/\/www.facebook.com\/natureconservancy.ca\/","article_modified_time":"2023-08-30T17:07:57+00:00","og_image":[{"url":"https:\/\/rnmv.ca\/wp-content\/uploads\/2023\/05\/tamia-raye-1.jpg","type":"","width":"","height":""}],"twitter_card":"summary_large_image","twitter_misc":{"Est. reading time":"1 minute"},"schema":{"@context":"https:\/\/schema.org","@graph":[{"@type":"WebPage","@id":"https:\/\/rnmv.ca\/en\/research\/","url":"https:\/\/rnmv.ca\/en\/research\/","name":"Research - Green Mountains Nature Reserve","isPartOf":{"@id":"https:\/\/rnmv.ca\/en\/#website"},"primaryImageOfPage":{"@id":"https:\/\/rnmv.ca\/en\/research\/#primaryimage"},"image":{"@id":"https:\/\/rnmv.ca\/en\/research\/#primaryimage"},"thumbnailUrl":"https:\/\/rnmv.ca\/wp-content\/uploads\/2023\/05\/tamia-raye-1.jpg","datePublished":"2023-04-06T17:22:13+00:00","dateModified":"2023-08-30T17:07:57+00:00","breadcrumb":{"@id":"https:\/\/rnmv.ca\/en\/research\/#breadcrumb"},"inLanguage":"en-US","potentialAction":[{"@type":"ReadAction","target":["https:\/\/rnmv.ca\/en\/research\/"]}]},{"@type":"ImageObject","inLanguage":"en-US","@id":"https:\/\/rnmv.ca\/en\/research\/#primaryimage","url":"https:\/\/rnmv.ca\/wp-content\/uploads\/2023\/05\/tamia-raye-1.jpg","contentUrl":"https:\/\/rnmv.ca\/wp-content\/uploads\/2023\/05\/tamia-raye-1.jpg"},{"@type":"BreadcrumbList","@id":"https:\/\/rnmv.ca\/en\/research\/#breadcrumb","itemListElement":[{"@type":"ListItem","position":1,"name":"Accueil","item":"https:\/\/rnmv.ca\/en\/"},{"@type":"ListItem","position":2,"name":"Research"}]},{"@type":"WebSite","@id":"https:\/\/rnmv.ca\/en\/#website","url":"https:\/\/rnmv.ca\/en\/","name":"R\u00e9serve naturelle des Montagnes-Vertes","description":"Treasured nature protected for future generations","publisher":{"@id":"https:\/\/rnmv.ca\/en\/#organization"},"alternateName":"RNMV","potentialAction":[{"@type":"SearchAction","target":{"@type":"EntryPoint","urlTemplate":"https:\/\/rnmv.ca\/en\/?s={search_term_string}"},"query-input":{"@type":"PropertyValueSpecification","valueRequired":true,"valueName":"search_term_string"}}],"inLanguage":"en-US"},{"@type":"Organization","@id":"https:\/\/rnmv.ca\/en\/#organization","name":"R\u00e9serve naturelle des Montagnes-Vertes","url":"https:\/\/rnmv.ca\/en\/","logo":{"@type":"ImageObject","inLanguage":"en-US","@id":"https:\/\/rnmv.ca\/en\/#\/schema\/logo\/image\/","url":"https:\/\/rnmv.ca\/wp-content\/uploads\/2022\/06\/Logo_RNMV_Court.svg","contentUrl":"https:\/\/rnmv.ca\/wp-content\/uploads\/2022\/06\/Logo_RNMV_Court.svg","width":1,"height":1,"caption":"R\u00e9serve naturelle des Montagnes-Vertes"},"image":{"@id":"https:\/\/rnmv.ca\/en\/#\/schema\/logo\/image\/"},"sameAs":["https:\/\/www.facebook.com\/natureconservancy.ca\/"]}]}},"_links":{"self":[{"href":"https:\/\/rnmv.ca\/en\/wp-json\/wp\/v2\/pages\/2444","targetHints":{"allow":["GET"]}}],"collection":[{"href":"https:\/\/rnmv.ca\/en\/wp-json\/wp\/v2\/pages"}],"about":[{"href":"https:\/\/rnmv.ca\/en\/wp-json\/wp\/v2\/types\/page"}],"author":[{"embeddable":true,"href":"https:\/\/rnmv.ca\/en\/wp-json\/wp\/v2\/users\/1"}],"replies":[{"embeddable":true,"href":"https:\/\/rnmv.ca\/en\/wp-json\/wp\/v2\/comments?post=2444"}],"version-history":[{"count":2,"href":"https:\/\/rnmv.ca\/en\/wp-json\/wp\/v2\/pages\/2444\/revisions"}],"predecessor-version":[{"id":2501,"href":"https:\/\/rnmv.ca\/en\/wp-json\/wp\/v2\/pages\/2444\/revisions\/2501"}],"wp:attachment":[{"href":"https:\/\/rnmv.ca\/en\/wp-json\/wp\/v2\/media?parent=2444"}],"curies":[{"name":"wp","href":"https:\/\/api.w.org\/{rel}","templated":true}]}}