{"id":2446,"date":"2022-06-13T14:36:13","date_gmt":"2022-06-13T18:36:13","guid":{"rendered":"https:\/\/rnmv.ca\/partners\/"},"modified":"2023-07-18T09:32:07","modified_gmt":"2023-07-18T13:32:07","slug":"partners","status":"publish","type":"page","link":"https:\/\/rnmv.ca\/en\/partners\/","title":{"rendered":"Partners"},"content":{"rendered":"\n\n\t<span class='tooltipsall tooltip_post_id_custom_3c146860ad4aa707748b481f3f345a85 classtoolTipsCustomShortCodeOnlyForMultiTooltips'>Proper Shortcode Usage is: <div>[tooltips keyword='wordpress' content = 'hello, wp']<\/div> or <div>[tooltips content = 'hello, wp']wordpress[\/tooltips]<\/div><\/span><script type=\"text\/javascript\">jQuery(\"document\").ready(function(){ toolTips('.tooltip_post_id_custom_3c146860ad4aa707748b481f3f345a85',\"Cr\u00e9dit photo Claude C\u00f4t\u00e9\",'0'); });<\/script>\n<h1>\n Our partners\n\t<\/h1>\n\t\t\t\t<img loading=\"lazy\" decoding=\"async\" src=\"https:\/\/rnmv.ca\/wp-content\/uploads\/2023\/07\/NCC_HorizontalWordmark_E_Logo_RGB-1.svg\" alt=\"Nature Conservancy of Canada\" itemprop=\"image\" height=\"0\" width=\"0\" title=\"Nature Conservancy of Canada\" onerror=\"this.style.display='none'\">\n\t<p>Nature Conservancy of Canada is proud to partner with the following:<\/p>\n<h2>\n Trail managers\n\t<\/h2>\n\t\t\t\t<img decoding=\"async\" src=\"http:\/\/rnmv.ca\/wp-content\/plugins\/bb-plugin\/img\/pixel.png\" alt=\"\" itemprop=\"image\" onerror=\"this.style.display='none'\">\n\t<p>Thank you to our trail managers for promoting and managing the Green Mountains Nature Reserve.<\/p>\n<p>A special thanks to Appalachian Corridor for ensuring the administration of the reserve since 2009.<\/p>\n\t\t\t\t<a href=\"https:\/\/www.parcsutton.com\/\" target=\"_self\" itemprop=\"url\" rel=\"noopener\">\n\t\t\t\t<img loading=\"lazy\" decoding=\"async\" src=\"https:\/\/rnmv.ca\/wp-content\/uploads\/2022\/06\/PENS-logo-2014-vert.svg\" alt=\"Parc d'environnement naturel de Sutton\" itemprop=\"image\" height=\"0\" width=\"0\" title=\"Parc d'environnement naturel de Sutton\" onerror=\"this.style.display='none'\">\n\t\t\t\t<\/a>\n\t\t\t\t<a href=\"https:\/\/www.corridorappalachien.ca\/\" target=\"_self\" itemprop=\"url\" rel=\"noopener\">\n\t\t\t\t<img loading=\"lazy\" decoding=\"async\" src=\"https:\/\/rnmv.ca\/wp-content\/uploads\/2022\/06\/Corridor-appalachien_adresseweb.svg\" alt=\"Appalachian Corridor\" itemprop=\"image\" height=\"0\" width=\"0\" title=\"Appalachian Corridor\" onerror=\"this.style.display='none'\">\n\t\t\t\t<\/a>\n\t\t\t\t<img decoding=\"async\" src=\"http:\/\/rnmv.ca\/wp-content\/plugins\/bb-plugin\/img\/pixel.png\" alt=\"\" itemprop=\"image\" onerror=\"this.style.display='none'\">\n\t\t\t\t<a href=\"https:\/\/www.lessentiersdelestrie.qc.ca\/\" target=\"_self\" itemprop=\"url\" rel=\"noopener\">\n\t\t\t\t<img loading=\"lazy\" decoding=\"async\" src=\"https:\/\/rnmv.ca\/wp-content\/uploads\/2022\/09\/sentiers_de_l_estrie.svg\" alt=\"Sentiers de l'Estrie\" itemprop=\"image\" height=\"144\" width=\"959\" title=\"Sentiers de l'Estrie\" onerror=\"this.style.display='none'\">\n\t\t\t\t<\/a>\n\t<p>Thank you to all our partners that contributed to the GMNR\u2019s success.<\/p>\n                    <a href=\"https:\/\/www.corridorappalachien.ca\/\" target=\"_blank\" rel=\"nofollow noopener\">\n\t\t\t\t\t\t\t<img decoding=\"async\" src=\"https:\/\/rnmv.ca\/wp-content\/uploads\/2022\/06\/Corridor-appalachien_adresseweb.svg\" alt=\"Appalachian Corridor\" data-no-lazy=\"1\">\n                            \n Appalachian Corridor \n                            <\/a>\n                    <a href=\"https:\/\/meca-acme.com\/\" target=\"_blank\" rel=\"nofollow noopener\">\n\t\t\t\t\t\t\t<img decoding=\"async\" src=\"https:\/\/rnmv.ca\/wp-content\/uploads\/2022\/07\/meca.png\" alt=\"Mont \u00c9cho Conservation Association\" data-no-lazy=\"1\">\n                            \n Mont \u00c9cho Conservation Association \n                            <\/a>\n                    <a href=\"https:\/\/www.valleeruiter.org\/\" target=\"_blank\" rel=\"nofollow noopener\">\n\t\t\t\t\t\t\t<img decoding=\"async\" src=\"https:\/\/rnmv.ca\/wp-content\/uploads\/2022\/07\/logo-fiducie-fonciere-vallee-ruiter.png\" alt=\"Fiducie fonci\u00e8re de la vall\u00e9e Ruiter (FFVR)\" data-no-lazy=\"1\">\n                            \n Fiducie fonci\u00e8re de la vall\u00e9e Ruiter (FFVR) \n                            <\/a>\n                    <a href=\"https:\/\/audiablevert.com\/\" target=\"_blank\" rel=\"nofollow noopener\">\n\t\t\t\t\t\t\t<img decoding=\"async\" src=\"https:\/\/rnmv.ca\/wp-content\/uploads\/2022\/12\/logo-AuDiableVert.png\" alt=\"Au Diable Vert\" data-no-lazy=\"1\">\n                            \n Au Diable Vert \n                            <\/a>\n                    <a href=\"https:\/\/montsutton.com\/\" target=\"_blank\" rel=\"nofollow noopener\">\n\t\t\t\t\t\t\t<img decoding=\"async\" src=\"https:\/\/rnmv.ca\/wp-content\/uploads\/2022\/12\/logo_MontSuttonv2.png\" alt=\"Mont Sutton\" data-no-lazy=\"1\">\n                            \n Mont Sutton \n                            <\/a>\n                    <a href=\"https:\/\/www.pleinairsutton.ca\/\" target=\"_blank\" rel=\"nofollow noopener\">\n\t\t\t\t\t\t\t<img decoding=\"async\" src=\"https:\/\/rnmv.ca\/wp-content\/uploads\/2022\/09\/Logo_plein_air_sutton.png\" alt=\"Plein air Sutton\" data-no-lazy=\"1\">\n                            \n Plein air Sutton \n                            <\/a>\n                    <a href=\"https:\/\/tourismesutton.ca\/\" target=\"_blank\" rel=\"nofollow noopener\">\n\t\t\t\t\t\t\t<img decoding=\"async\" src=\"https:\/\/rnmv.ca\/wp-content\/uploads\/2022\/09\/tourisme-sutton.png\" alt=\"Sutton Tourism\" data-no-lazy=\"1\">\n                            \n Sutton Tourism \n                            <\/a>\n                    <a href=\"https:\/\/www.cantonsdelest.com\/\" target=\"_blank\" rel=\"nofollow noopener\">\n\t\t\t\t\t\t\t<img decoding=\"async\" src=\"https:\/\/rnmv.ca\/wp-content\/uploads\/2022\/07\/tourisme-cantons-de-l-est.png\" alt=\"Tourism Eastern Townships\" data-no-lazy=\"1\">\n                            \n Tourism Eastern Townships \n                            <\/a>\n                    <a href=\"https:\/\/www.usherbrooke.ca\/\" target=\"_blank\" rel=\"nofollow noopener\">\n\t\t\t\t\t\t\t<img decoding=\"async\" src=\"https:\/\/rnmv.ca\/wp-content\/uploads\/2022\/09\/UdeS_logo_h_rgb.png\" alt=\"Universit\u00e9 de Sherbrooke\" data-no-lazy=\"1\">\n                            \n Universit\u00e9 de Sherbrooke \n                            <\/a>\n                    <a href=\"https:\/\/uqam.ca\/\" target=\"_blank\" rel=\"nofollow noopener\">\n\t\t\t\t\t\t\t<img decoding=\"async\" src=\"https:\/\/rnmv.ca\/wp-content\/uploads\/2022\/09\/Universite_du_Quebec_a_Montreal_Logo.png\" alt=\"Universit\u00e9 du Qu\u00e9bec \u00e0 Montr\u00e9al\" data-no-lazy=\"1\">\n                            \n Universit\u00e9 du Qu\u00e9bec \u00e0 Montr\u00e9al \n                            <\/a>\n                    <a href=\"https:\/\/sutton.ca\/\" target=\"_blank\" rel=\"nofollow noopener\">\n\t\t\t\t\t\t\t<img decoding=\"async\" src=\"https:\/\/rnmv.ca\/wp-content\/uploads\/2022\/07\/logo-ville-de-Sutton.png\" alt=\"Town of Sutton\" data-no-lazy=\"1\">\n                            \n Town of Sutton \n                            <\/a>\n                    <a href=\"https:\/\/potton.ca\/\" target=\"_blank\" rel=\"nofollow noopener\">\n\t\t\t\t\t\t\t<img decoding=\"async\" src=\"https:\/\/rnmv.ca\/wp-content\/uploads\/2022\/07\/Canton-de-Potton.png\" alt=\"Canton de Potton\" data-no-lazy=\"1\">\n                            \n Canton de Potton \n                            <\/a>\n                    <a href=\"https:\/\/cldbm.qc.ca\/\" target=\"_blank\" rel=\"nofollow noopener\">\n\t\t\t\t\t\t\t<img decoding=\"async\" src=\"https:\/\/rnmv.ca\/wp-content\/uploads\/2022\/07\/logo-CLD-Brome-Missisquoi.png\" alt=\"Centre local de D\u00e9veloppement (CLD) Brome-Missisquoi\" data-no-lazy=\"1\">\n                            \n Centre local de D\u00e9veloppement (CLD) Brome-Missisquoi \n                            <\/a>\n\t<span class='tooltipsall tooltip_post_id_custom_8fa8812b88bc82764d4897b032151648 classtoolTipsCustomShortCodeOnlyForMultiTooltips'>Proper Shortcode Usage is: <div>[tooltips keyword='wordpress' content = 'hello, wp']<\/div> or <div>[tooltips content = 'hello, wp']wordpress[\/tooltips]<\/div><\/span><script type=\"text\/javascript\">jQuery(\"document\").ready(function(){ toolTips('.tooltip_post_id_custom_8fa8812b88bc82764d4897b032151648',\"Cr\u00e9dit photo Mike Dembeck\",'0'); });<\/script>\n<h2>\n Donors and funders\n\t<\/h2>\n\t<p>Thank you to all the donors, owners and funders who have contributed to the creation of the GMNR.<\/p>\n\t\t\t\t\t\t\t<img decoding=\"async\" src=\"https:\/\/rnmv.ca\/wp-content\/uploads\/2022\/09\/canada-woodmark.svg\" alt=\"Gouvernement du Canada\" data-no-lazy=\"1\">\n                            \n Gouvernement du Canada \n\t\t\t\t\t\t\t<img decoding=\"async\" src=\"https:\/\/rnmv.ca\/wp-content\/uploads\/2022\/09\/quebec.svg\" alt=\"Gouvernement du Qu\u00e9bec\" data-no-lazy=\"1\">\n                            \n Gouvernement du Qu\u00e9bec \n                    <a href=\"https:\/\/www.hydroquebec.com\/fondation-environnement\/\" target=\"_blank\" rel=\"nofollow noopener\">\n\t\t\t\t\t\t\t<img decoding=\"async\" src=\"https:\/\/rnmv.ca\/wp-content\/uploads\/2022\/09\/fhqe-couleur.png\" alt=\"Fondation Hydro-Qu\u00e9bec pour l'environnement\" data-no-lazy=\"1\">\n                            \n Fondation Hydro-Qu\u00e9bec pour l&#8217;environnement \n                            <\/a>\n                    <a href=\"https:\/\/afm.qc.ca\/\" target=\"_blank\" rel=\"nofollow noopener\">\n\t\t\t\t\t\t\t<img decoding=\"async\" src=\"https:\/\/rnmv.ca\/wp-content\/uploads\/2022\/09\/Agence-forestiere-de-la-Monteregie.png\" alt=\"Agence Foresti\u00e8re de la Mont\u00e9r\u00e9gie\" data-no-lazy=\"1\">\n                            \n Agence Foresti\u00e8re de la Mont\u00e9r\u00e9gie \n                            <\/a>\n                    <a href=\"https:\/\/www.mrcmemphremagog.com\/\" target=\"_blank\" rel=\"nofollow noopener\">\n\t\t\t\t\t\t\t<img decoding=\"async\" src=\"https:\/\/rnmv.ca\/wp-content\/uploads\/2022\/09\/logo-MRCMemphre.png\" alt=\"MRC de Memphr\u00e9magog\" data-no-lazy=\"1\">\n                            \n MRC de Memphr\u00e9magog \n                            <\/a>\n                    <a href=\"https:\/\/mrcbm.qc.ca\/fr\/\" target=\"_blank\" rel=\"nofollow noopener\">\n\t\t\t\t\t\t\t<img decoding=\"async\" src=\"https:\/\/rnmv.ca\/wp-content\/uploads\/2022\/09\/MRC-BM_coul.png\" alt=\"MRC Brome-Missisquoi\" data-no-lazy=\"1\">\n                            \n MRC Brome-Missisquoi \n                            <\/a>\n                    <a href=\"https:\/\/www.mec.ca\/\" target=\"_blank\" rel=\"nofollow noopener\">\n\t\t\t\t\t\t\t<img decoding=\"async\" src=\"https:\/\/rnmv.ca\/wp-content\/uploads\/2022\/09\/mec.png\" alt=\"Mountain Equipment Company\" data-no-lazy=\"1\">\n                            \n Mountain Equipment Company \n                            <\/a>\n                    <a href=\"https:\/\/www.sweetwatertrust.org\/\" target=\"_blank\" rel=\"nofollow noopener\">\n\t\t\t\t\t\t\t<img decoding=\"async\" src=\"https:\/\/rnmv.ca\/wp-content\/uploads\/2022\/09\/SWT-Logo.png\" alt=\"Sweet Water Trust\" data-no-lazy=\"1\">\n                            \n Sweet Water Trust \n                            <\/a>\n                    <a href=\"https:\/\/www.fws.gov\/\" target=\"_blank\" rel=\"nofollow noopener\">\n\t\t\t\t\t\t\t<img decoding=\"async\" src=\"https:\/\/rnmv.ca\/wp-content\/uploads\/2022\/09\/Seal_of_the_United_States_Fish_and_Wildlife_Service.png\" alt=\"United States Fish and Wildlife Service\" data-no-lazy=\"1\">\n                            \n United States Fish and Wildlife Service \n                            <\/a>\n                    <a href=\"https:\/\/fondationdelafaune.qc.ca\/\" target=\"_blank\" rel=\"nofollow noopener\">\n\t\t\t\t\t\t\t<img decoding=\"async\" src=\"https:\/\/rnmv.ca\/wp-content\/uploads\/2022\/09\/Fondation_de_la_faune_du_Quebec.png\" alt=\"Fondation faune Qu\u00e9bec\" data-no-lazy=\"1\">\n                            \n Fondation faune Qu\u00e9bec \n                            <\/a>\n\n","protected":false},"excerpt":{"rendered":"<p>Our partners Nature Conservancy of Canada is proud to partner with the following: Trail managers Thank you to our trail managers for promoting and managing the Green Mountains Nature Reserve. A special thanks to Appalachian Corridor for ensuring the administration of the reserve since 2009. Thank you to all our partners that contributed to the&hellip;<\/p>\n","protected":false},"author":1,"featured_media":2404,"parent":0,"menu_order":40,"comment_status":"closed","ping_status":"closed","template":"","meta":{"footnotes":""},"class_list":["post-2446","page","type-page","status-publish","has-post-thumbnail","hentry"],"yoast_head":"<!-- This site is optimized with the Yoast SEO plugin v27.4 - https:\/\/yoast.com\/product\/yoast-seo-wordpress\/ -->\n<title>Partners - Green Mountains Nature Reserve<\/title>\n<meta name=\"description\" content=\"Thanks to the partners and trail managers of the GMNR, a project of the Nature Conservancy of Canada.\" \/>\n<meta name=\"robots\" content=\"index, follow, max-snippet:-1, max-image-preview:large, max-video-preview:-1\" \/>\n<link rel=\"canonical\" href=\"https:\/\/rnmv.ca\/en\/partners\/\" \/>\n<meta property=\"og:locale\" content=\"en_US\" \/>\n<meta property=\"og:type\" content=\"article\" \/>\n<meta property=\"og:title\" content=\"Partners - Green Mountains Nature Reserve\" \/>\n<meta property=\"og:description\" content=\"Thanks to the partners and trail managers of the GMNR, a project of the Nature Conservancy of Canada.\" \/>\n<meta property=\"og:url\" content=\"https:\/\/rnmv.ca\/en\/partners\/\" \/>\n<meta property=\"og:site_name\" content=\"Green Mountains Nature Reserve\" \/>\n<meta property=\"article:publisher\" content=\"https:\/\/www.facebook.com\/natureconservancy.ca\/\" \/>\n<meta property=\"article:modified_time\" content=\"2023-07-18T13:32:07+00:00\" \/>\n<meta property=\"og:image\" content=\"https:\/\/rnmv.ca\/wp-content\/uploads\/2023\/05\/rnmv-facebook-1024x576.jpg\" \/>\n<meta name=\"twitter:card\" content=\"summary_large_image\" \/>\n<meta name=\"twitter:image\" content=\"https:\/\/rnmv.ca\/wp-content\/uploads\/2023\/05\/rnmv-facebook-1024x576.jpg\" \/>\n<meta name=\"twitter:label1\" content=\"Est. reading time\" \/>\n\t<meta name=\"twitter:data1\" content=\"1 minute\" \/>\n<script type=\"application\/ld+json\" class=\"yoast-schema-graph\">{\"@context\":\"https:\\\/\\\/schema.org\",\"@graph\":[{\"@type\":\"WebPage\",\"@id\":\"https:\\\/\\\/rnmv.ca\\\/en\\\/partners\\\/\",\"url\":\"https:\\\/\\\/rnmv.ca\\\/en\\\/partners\\\/\",\"name\":\"Partners - Green Mountains Nature Reserve\",\"isPartOf\":{\"@id\":\"https:\\\/\\\/rnmv.ca\\\/en\\\/#website\"},\"primaryImageOfPage\":{\"@id\":\"https:\\\/\\\/rnmv.ca\\\/en\\\/partners\\\/#primaryimage\"},\"image\":{\"@id\":\"https:\\\/\\\/rnmv.ca\\\/en\\\/partners\\\/#primaryimage\"},\"thumbnailUrl\":\"https:\\\/\\\/rnmv.ca\\\/wp-content\\\/uploads\\\/2023\\\/05\\\/rnmv-facebook.jpg\",\"datePublished\":\"2022-06-13T18:36:13+00:00\",\"dateModified\":\"2023-07-18T13:32:07+00:00\",\"description\":\"Thanks to the partners and trail managers of the GMNR, a project of the Nature Conservancy of Canada.\",\"breadcrumb\":{\"@id\":\"https:\\\/\\\/rnmv.ca\\\/en\\\/partners\\\/#breadcrumb\"},\"inLanguage\":\"en-US\",\"potentialAction\":[{\"@type\":\"ReadAction\",\"target\":[\"https:\\\/\\\/rnmv.ca\\\/en\\\/partners\\\/\"]}]},{\"@type\":\"ImageObject\",\"inLanguage\":\"en-US\",\"@id\":\"https:\\\/\\\/rnmv.ca\\\/en\\\/partners\\\/#primaryimage\",\"url\":\"https:\\\/\\\/rnmv.ca\\\/wp-content\\\/uploads\\\/2023\\\/05\\\/rnmv-facebook.jpg\",\"contentUrl\":\"https:\\\/\\\/rnmv.ca\\\/wp-content\\\/uploads\\\/2023\\\/05\\\/rnmv-facebook.jpg\",\"width\":1200,\"height\":675},{\"@type\":\"BreadcrumbList\",\"@id\":\"https:\\\/\\\/rnmv.ca\\\/en\\\/partners\\\/#breadcrumb\",\"itemListElement\":[{\"@type\":\"ListItem\",\"position\":1,\"name\":\"Accueil\",\"item\":\"https:\\\/\\\/rnmv.ca\\\/en\\\/\"},{\"@type\":\"ListItem\",\"position\":2,\"name\":\"Partners\"}]},{\"@type\":\"WebSite\",\"@id\":\"https:\\\/\\\/rnmv.ca\\\/en\\\/#website\",\"url\":\"https:\\\/\\\/rnmv.ca\\\/en\\\/\",\"name\":\"R\u00e9serve naturelle des Montagnes-Vertes\",\"description\":\"Treasured nature protected for future generations\",\"publisher\":{\"@id\":\"https:\\\/\\\/rnmv.ca\\\/en\\\/#organization\"},\"alternateName\":\"RNMV\",\"potentialAction\":[{\"@type\":\"SearchAction\",\"target\":{\"@type\":\"EntryPoint\",\"urlTemplate\":\"https:\\\/\\\/rnmv.ca\\\/en\\\/?s={search_term_string}\"},\"query-input\":{\"@type\":\"PropertyValueSpecification\",\"valueRequired\":true,\"valueName\":\"search_term_string\"}}],\"inLanguage\":\"en-US\"},{\"@type\":\"Organization\",\"@id\":\"https:\\\/\\\/rnmv.ca\\\/en\\\/#organization\",\"name\":\"R\u00e9serve naturelle des Montagnes-Vertes\",\"url\":\"https:\\\/\\\/rnmv.ca\\\/en\\\/\",\"logo\":{\"@type\":\"ImageObject\",\"inLanguage\":\"en-US\",\"@id\":\"https:\\\/\\\/rnmv.ca\\\/en\\\/#\\\/schema\\\/logo\\\/image\\\/\",\"url\":\"https:\\\/\\\/rnmv.ca\\\/wp-content\\\/uploads\\\/2022\\\/06\\\/Logo_RNMV_Court.svg\",\"contentUrl\":\"https:\\\/\\\/rnmv.ca\\\/wp-content\\\/uploads\\\/2022\\\/06\\\/Logo_RNMV_Court.svg\",\"width\":1,\"height\":1,\"caption\":\"R\u00e9serve naturelle des Montagnes-Vertes\"},\"image\":{\"@id\":\"https:\\\/\\\/rnmv.ca\\\/en\\\/#\\\/schema\\\/logo\\\/image\\\/\"},\"sameAs\":[\"https:\\\/\\\/www.facebook.com\\\/natureconservancy.ca\\\/\"]}]}<\/script>\n<!-- \/ Yoast SEO plugin. -->","yoast_head_json":{"title":"Partners - Green Mountains Nature Reserve","description":"Thanks to the partners and trail managers of the GMNR, a project of the Nature Conservancy of Canada.","robots":{"index":"index","follow":"follow","max-snippet":"max-snippet:-1","max-image-preview":"max-image-preview:large","max-video-preview":"max-video-preview:-1"},"canonical":"https:\/\/rnmv.ca\/en\/partners\/","og_locale":"en_US","og_type":"article","og_title":"Partners - Green Mountains Nature Reserve","og_description":"Thanks to the partners and trail managers of the GMNR, a project of the Nature Conservancy of Canada.","og_url":"https:\/\/rnmv.ca\/en\/partners\/","og_site_name":"Green Mountains Nature Reserve","article_publisher":"https:\/\/www.facebook.com\/natureconservancy.ca\/","article_modified_time":"2023-07-18T13:32:07+00:00","og_image":[{"url":"https:\/\/rnmv.ca\/wp-content\/uploads\/2023\/05\/rnmv-facebook-1024x576.jpg","type":"","width":"","height":""}],"twitter_card":"summary_large_image","twitter_image":"https:\/\/rnmv.ca\/wp-content\/uploads\/2023\/05\/rnmv-facebook-1024x576.jpg","twitter_misc":{"Est. reading time":"1 minute"},"schema":{"@context":"https:\/\/schema.org","@graph":[{"@type":"WebPage","@id":"https:\/\/rnmv.ca\/en\/partners\/","url":"https:\/\/rnmv.ca\/en\/partners\/","name":"Partners - Green Mountains Nature Reserve","isPartOf":{"@id":"https:\/\/rnmv.ca\/en\/#website"},"primaryImageOfPage":{"@id":"https:\/\/rnmv.ca\/en\/partners\/#primaryimage"},"image":{"@id":"https:\/\/rnmv.ca\/en\/partners\/#primaryimage"},"thumbnailUrl":"https:\/\/rnmv.ca\/wp-content\/uploads\/2023\/05\/rnmv-facebook.jpg","datePublished":"2022-06-13T18:36:13+00:00","dateModified":"2023-07-18T13:32:07+00:00","description":"Thanks to the partners and trail managers of the GMNR, a project of the Nature Conservancy of Canada.","breadcrumb":{"@id":"https:\/\/rnmv.ca\/en\/partners\/#breadcrumb"},"inLanguage":"en-US","potentialAction":[{"@type":"ReadAction","target":["https:\/\/rnmv.ca\/en\/partners\/"]}]},{"@type":"ImageObject","inLanguage":"en-US","@id":"https:\/\/rnmv.ca\/en\/partners\/#primaryimage","url":"https:\/\/rnmv.ca\/wp-content\/uploads\/2023\/05\/rnmv-facebook.jpg","contentUrl":"https:\/\/rnmv.ca\/wp-content\/uploads\/2023\/05\/rnmv-facebook.jpg","width":1200,"height":675},{"@type":"BreadcrumbList","@id":"https:\/\/rnmv.ca\/en\/partners\/#breadcrumb","itemListElement":[{"@type":"ListItem","position":1,"name":"Accueil","item":"https:\/\/rnmv.ca\/en\/"},{"@type":"ListItem","position":2,"name":"Partners"}]},{"@type":"WebSite","@id":"https:\/\/rnmv.ca\/en\/#website","url":"https:\/\/rnmv.ca\/en\/","name":"R\u00e9serve naturelle des Montagnes-Vertes","description":"Treasured nature protected for future generations","publisher":{"@id":"https:\/\/rnmv.ca\/en\/#organization"},"alternateName":"RNMV","potentialAction":[{"@type":"SearchAction","target":{"@type":"EntryPoint","urlTemplate":"https:\/\/rnmv.ca\/en\/?s={search_term_string}"},"query-input":{"@type":"PropertyValueSpecification","valueRequired":true,"valueName":"search_term_string"}}],"inLanguage":"en-US"},{"@type":"Organization","@id":"https:\/\/rnmv.ca\/en\/#organization","name":"R\u00e9serve naturelle des Montagnes-Vertes","url":"https:\/\/rnmv.ca\/en\/","logo":{"@type":"ImageObject","inLanguage":"en-US","@id":"https:\/\/rnmv.ca\/en\/#\/schema\/logo\/image\/","url":"https:\/\/rnmv.ca\/wp-content\/uploads\/2022\/06\/Logo_RNMV_Court.svg","contentUrl":"https:\/\/rnmv.ca\/wp-content\/uploads\/2022\/06\/Logo_RNMV_Court.svg","width":1,"height":1,"caption":"R\u00e9serve naturelle des Montagnes-Vertes"},"image":{"@id":"https:\/\/rnmv.ca\/en\/#\/schema\/logo\/image\/"},"sameAs":["https:\/\/www.facebook.com\/natureconservancy.ca\/"]}]}},"_links":{"self":[{"href":"https:\/\/rnmv.ca\/en\/wp-json\/wp\/v2\/pages\/2446","targetHints":{"allow":["GET"]}}],"collection":[{"href":"https:\/\/rnmv.ca\/en\/wp-json\/wp\/v2\/pages"}],"about":[{"href":"https:\/\/rnmv.ca\/en\/wp-json\/wp\/v2\/types\/page"}],"author":[{"embeddable":true,"href":"https:\/\/rnmv.ca\/en\/wp-json\/wp\/v2\/users\/1"}],"replies":[{"embeddable":true,"href":"https:\/\/rnmv.ca\/en\/wp-json\/wp\/v2\/comments?post=2446"}],"version-history":[{"count":3,"href":"https:\/\/rnmv.ca\/en\/wp-json\/wp\/v2\/pages\/2446\/revisions"}],"predecessor-version":[{"id":2449,"href":"https:\/\/rnmv.ca\/en\/wp-json\/wp\/v2\/pages\/2446\/revisions\/2449"}],"wp:featuredmedia":[{"embeddable":true,"href":"https:\/\/rnmv.ca\/en\/wp-json\/wp\/v2\/media\/2404"}],"wp:attachment":[{"href":"https:\/\/rnmv.ca\/en\/wp-json\/wp\/v2\/media?parent=2446"}],"curies":[{"name":"wp","href":"https:\/\/api.w.org\/{rel}","templated":true}]}}